{"id":23,"date":"2022-10-13T15:45:21","date_gmt":"2022-10-13T13:45:21","guid":{"rendered":"http:\/\/schweiger-design.akmira-optronics.de\/?page_id=23"},"modified":"2026-03-13T09:19:35","modified_gmt":"2026-03-13T08:19:35","slug":"impressum","status":"publish","type":"page","link":"https:\/\/akmira-optronics.de\/en\/impressum\/","title":{"rendered":"imprint"},"content":{"rendered":"<div data-elementor-type=\"wp-page\" data-elementor-id=\"23\" class=\"elementor elementor-23\" data-elementor-post-type=\"page\">\n\t\t\t\t\t\t<section class=\"elementor-section elementor-top-section elementor-element elementor-element-5551373 elementor-section-boxed elementor-section-height-default elementor-section-height-default\" data-id=\"5551373\" data-element_type=\"section\">\n\t\t\t\t\t\t<div class=\"elementor-container elementor-column-gap-default\">\n\t\t\t\t\t<div class=\"elementor-column elementor-col-100 elementor-top-column elementor-element elementor-element-306fcc0\" data-id=\"306fcc0\" data-element_type=\"column\">\n\t\t\t<div class=\"elementor-widget-wrap elementor-element-populated\">\n\t\t\t\t\t\t<div class=\"elementor-element elementor-element-3c275e3 elementor-widget elementor-widget-spacer\" data-id=\"3c275e3\" data-element_type=\"widget\" data-widget_type=\"spacer.default\">\n\t\t\t\t<div class=\"elementor-widget-container\">\n\t\t\t\t\t\t\t<div class=\"elementor-spacer\">\n\t\t\t<div class=\"elementor-spacer-inner\"><\/div>\n\t\t<\/div>\n\t\t\t\t\t\t<\/div>\n\t\t\t\t<\/div>\n\t\t\t\t<div class=\"elementor-element elementor-element-7cc613f elementor-widget elementor-widget-heading\" data-id=\"7cc613f\" data-element_type=\"widget\" data-widget_type=\"heading.default\">\n\t\t\t\t<div class=\"elementor-widget-container\">\n\t\t\t\t\t<h2 class=\"elementor-heading-title elementor-size-default\">imprint<\/h2>\t\t\t\t<\/div>\n\t\t\t\t<\/div>\n\t\t\t\t<div class=\"elementor-element elementor-element-9157c25 elementor-widget elementor-widget-text-editor\" data-id=\"9157c25\" data-element_type=\"widget\" data-widget_type=\"text-editor.default\">\n\t\t\t\t<div class=\"elementor-widget-container\">\n\t\t\t\t\t\t\t\t\t<p><b>Credits along \u00a7 5 TMG:<\/b><br \/>AKmira optronics GmbH<br \/>Am Luftschiffhafen 1,<br \/>14471 Potsdam<\/p><p><strong>Represented by:<\/strong><br \/>Dr. Alexander Kn\u00fcttel<\/p><p><strong>Contact<\/strong> <br \/>Telephone: +49 (0)331 982231-0 <br \/>E-Mail: info@AKmira-optronics.de<\/p><p><strong>Registered in the Commercial Register:<br \/><\/strong>Amtsgericht Potsdam Registernummer: HRB 34496 P<\/p><p><strong>VAT ID:<br \/><\/strong> Umsatzsteuer-Identifikationsnummer gem\u00e4\u00df \u00a727a Umsatzsteuergesetz: DE337603416<\/p><p><strong>Webdesign &amp; Development:<br \/><\/strong><a href=\"https:\/\/www.schweiger-design.de\/\" target=\"_blank\" rel=\"noopener\">\u00a9AGENTUR SCHWEIGER<\/a><\/p><p><strong>Picture Credits:<\/strong><br \/>\u00a9AKmira Optronics, \u00a9AdobeStock, \u00a9Agentur Schweiger<\/p><p><b>Video Composition: <\/b><br \/>\u00a9AdobeStock + \u00a9AKmira Optronics<br \/><i>Kompositionen by Agentur Schweiger<\/i><\/p>\t\t\t\t\t\t\t\t<\/div>\n\t\t\t\t<\/div>\n\t\t\t\t<div class=\"elementor-element elementor-element-16643e7 elementor-widget elementor-widget-spacer\" data-id=\"16643e7\" data-element_type=\"widget\" data-widget_type=\"spacer.default\">\n\t\t\t\t<div class=\"elementor-widget-container\">\n\t\t\t\t\t\t\t<div class=\"elementor-spacer\">\n\t\t\t<div class=\"elementor-spacer-inner\"><\/div>\n\t\t<\/div>\n\t\t\t\t\t\t<\/div>\n\t\t\t\t<\/div>\n\t\t\t\t<div class=\"elementor-element elementor-element-d574527 elementor-widget elementor-widget-heading\" data-id=\"d574527\" data-element_type=\"widget\" data-widget_type=\"heading.default\">\n\t\t\t\t<div class=\"elementor-widget-container\">\n\t\t\t\t\t<h2 class=\"elementor-heading-title elementor-size-default\">financial support<\/h2>\t\t\t\t<\/div>\n\t\t\t\t<\/div>\n\t\t\t\t<div class=\"elementor-element elementor-element-0c94c00 elementor-widget elementor-widget-spacer\" data-id=\"0c94c00\" data-element_type=\"widget\" data-widget_type=\"spacer.default\">\n\t\t\t\t<div class=\"elementor-widget-container\">\n\t\t\t\t\t\t\t<div class=\"elementor-spacer\">\n\t\t\t<div class=\"elementor-spacer-inner\"><\/div>\n\t\t<\/div>\n\t\t\t\t\t\t<\/div>\n\t\t\t\t<\/div>\n\t\t\t\t\t<\/div>\n\t\t<\/div>\n\t\t\t\t\t<\/div>\n\t\t<\/section>\n\t\t\t\t<section class=\"elementor-section elementor-top-section elementor-element elementor-element-7c81a86 elementor-section-boxed elementor-section-height-default elementor-section-height-default\" data-id=\"7c81a86\" data-element_type=\"section\">\n\t\t\t\t\t\t<div class=\"elementor-container elementor-column-gap-default\">\n\t\t\t\t\t<div class=\"elementor-column elementor-col-16 elementor-top-column elementor-element elementor-element-5b1c414\" data-id=\"5b1c414\" data-element_type=\"column\">\n\t\t\t<div class=\"elementor-widget-wrap elementor-element-populated\">\n\t\t\t\t\t\t<div class=\"elementor-element elementor-element-56440ee elementor-widget elementor-widget-image\" data-id=\"56440ee\" data-element_type=\"widget\" data-widget_type=\"image.default\">\n\t\t\t\t<div class=\"elementor-widget-container\">\n\t\t\t\t\t\t\t\t\t\t\t\t\t\t\t<img fetchpriority=\"high\" decoding=\"async\" width=\"443\" height=\"384\" src=\"https:\/\/akmira-optronics.de\/wp-content\/uploads\/2022\/10\/EU-Logo-mit-ESI-unter-Fahne-linksbuendig.3880265.jpg\" class=\"attachment-large size-large wp-image-1306\" alt=\"Logo Europ\u00e4ische Union\" srcset=\"https:\/\/akmira-optronics.de\/wp-content\/uploads\/2022\/10\/EU-Logo-mit-ESI-unter-Fahne-linksbuendig.3880265.jpg 443w, https:\/\/akmira-optronics.de\/wp-content\/uploads\/2022\/10\/EU-Logo-mit-ESI-unter-Fahne-linksbuendig.3880265-300x260.jpg 300w, https:\/\/akmira-optronics.de\/wp-content\/uploads\/2022\/10\/EU-Logo-mit-ESI-unter-Fahne-linksbuendig.3880265-14x12.jpg 14w, https:\/\/akmira-optronics.de\/wp-content\/uploads\/2022\/10\/elementor\/thumbs\/EU-Logo-mit-ESI-unter-Fahne-linksbuendig.3880265-pwhzt1xh6zh68isgouib6bb0vs2aj9x1xtnkex0svc.jpg 117w\" sizes=\"(max-width: 443px) 100vw, 443px\" \/>\t\t\t\t\t\t\t\t\t\t\t\t\t\t\t<\/div>\n\t\t\t\t<\/div>\n\t\t\t\t\t<\/div>\n\t\t<\/div>\n\t\t\t\t<div class=\"elementor-column elementor-col-16 elementor-top-column elementor-element elementor-element-350e027\" data-id=\"350e027\" data-element_type=\"column\">\n\t\t\t<div class=\"elementor-widget-wrap elementor-element-populated\">\n\t\t\t\t\t\t<div class=\"elementor-element elementor-element-0fd08cd elementor-widget elementor-widget-image\" data-id=\"0fd08cd\" data-element_type=\"widget\" data-widget_type=\"image.default\">\n\t\t\t\t<div class=\"elementor-widget-container\">\n\t\t\t\t\t\t\t\t\t\t\t\t\t\t\t<img decoding=\"async\" width=\"124\" height=\"131\" src=\"https:\/\/akmira-optronics.de\/wp-content\/uploads\/2022\/10\/MWAE-logo-.jpg\" class=\"attachment-large size-large wp-image-846\" alt=\"Logo Ministerum f\u00fcr Wirtschaft, Arbeit und Energie im Land Brandenburg.\" \/>\t\t\t\t\t\t\t\t\t\t\t\t\t\t\t<\/div>\n\t\t\t\t<\/div>\n\t\t\t\t\t<\/div>\n\t\t<\/div>\n\t\t\t\t<div class=\"elementor-column elementor-col-16 elementor-top-column elementor-element elementor-element-f391899\" data-id=\"f391899\" data-element_type=\"column\">\n\t\t\t<div class=\"elementor-widget-wrap elementor-element-populated\">\n\t\t\t\t\t\t<div class=\"elementor-element elementor-element-ea24b42 elementor-widget elementor-widget-image\" data-id=\"ea24b42\" data-element_type=\"widget\" data-widget_type=\"image.default\">\n\t\t\t\t<div class=\"elementor-widget-container\">\n\t\t\t\t\t\t\t\t\t\t\t\t\t\t\t<img decoding=\"async\" width=\"237\" height=\"89\" src=\"https:\/\/akmira-optronics.de\/wp-content\/uploads\/2022\/10\/MBG-logo.jpg\" class=\"attachment-medium size-medium wp-image-826\" alt=\"Logo MBG Berlin-Bradenburg.\" \/>\t\t\t\t\t\t\t\t\t\t\t\t\t\t\t<\/div>\n\t\t\t\t<\/div>\n\t\t\t\t\t<\/div>\n\t\t<\/div>\n\t\t\t\t<div class=\"elementor-column elementor-col-16 elementor-top-column elementor-element elementor-element-aa9f256\" data-id=\"aa9f256\" data-element_type=\"column\">\n\t\t\t<div class=\"elementor-widget-wrap elementor-element-populated\">\n\t\t\t\t\t\t<div class=\"elementor-element elementor-element-95a601a elementor-widget elementor-widget-image\" data-id=\"95a601a\" data-element_type=\"widget\" data-widget_type=\"image.default\">\n\t\t\t\t<div class=\"elementor-widget-container\">\n\t\t\t\t\t\t\t\t\t\t\t\t\t\t\t<img loading=\"lazy\" decoding=\"async\" width=\"295\" height=\"96\" src=\"https:\/\/akmira-optronics.de\/wp-content\/uploads\/2022\/10\/LHP-logo-.jpg\" class=\"attachment-large size-large wp-image-845\" alt=\"F\u00f6rderlogo Landeshauptstadt Potsdam.\" \/>\t\t\t\t\t\t\t\t\t\t\t\t\t\t\t<\/div>\n\t\t\t\t<\/div>\n\t\t\t\t\t<\/div>\n\t\t<\/div>\n\t\t\t\t<div class=\"elementor-column elementor-col-16 elementor-top-column elementor-element elementor-element-f57cc1d\" data-id=\"f57cc1d\" data-element_type=\"column\">\n\t\t\t<div class=\"elementor-widget-wrap elementor-element-populated\">\n\t\t\t\t\t\t<div class=\"elementor-element elementor-element-791dc29 elementor-widget elementor-widget-image\" data-id=\"791dc29\" data-element_type=\"widget\" data-widget_type=\"image.default\">\n\t\t\t\t<div class=\"elementor-widget-container\">\n\t\t\t\t\t\t\t\t\t\t\t\t\t\t\t<img loading=\"lazy\" decoding=\"async\" width=\"448\" height=\"378\" src=\"https:\/\/akmira-optronics.de\/wp-content\/uploads\/2023\/03\/EFRE-Logo_unten_oweb_rgb.jpg\" class=\"attachment-medium_large size-medium_large wp-image-1677\" alt=\"\" srcset=\"https:\/\/akmira-optronics.de\/wp-content\/uploads\/2023\/03\/EFRE-Logo_unten_oweb_rgb.jpg 448w, https:\/\/akmira-optronics.de\/wp-content\/uploads\/2023\/03\/EFRE-Logo_unten_oweb_rgb-300x253.jpg 300w, https:\/\/akmira-optronics.de\/wp-content\/uploads\/2023\/03\/EFRE-Logo_unten_oweb_rgb-14x12.jpg 14w\" sizes=\"(max-width: 448px) 100vw, 448px\" \/>\t\t\t\t\t\t\t\t\t\t\t\t\t\t\t<\/div>\n\t\t\t\t<\/div>\n\t\t\t\t\t<\/div>\n\t\t<\/div>\n\t\t\t\t<div class=\"elementor-column elementor-col-16 elementor-top-column elementor-element elementor-element-7bdc828\" data-id=\"7bdc828\" data-element_type=\"column\">\n\t\t\t<div class=\"elementor-widget-wrap\">\n\t\t\t\t\t\t\t<\/div>\n\t\t<\/div>\n\t\t\t\t\t<\/div>\n\t\t<\/section>\n\t\t\t\t<section class=\"elementor-section elementor-top-section elementor-element elementor-element-03f4902 elementor-section-boxed elementor-section-height-default elementor-section-height-default\" data-id=\"03f4902\" data-element_type=\"section\">\n\t\t\t\t\t\t<div class=\"elementor-container elementor-column-gap-default\">\n\t\t\t\t\t<div class=\"elementor-column elementor-col-100 elementor-top-column elementor-element elementor-element-ecd132b\" data-id=\"ecd132b\" data-element_type=\"column\">\n\t\t\t<div class=\"elementor-widget-wrap elementor-element-populated\">\n\t\t\t\t\t\t<div class=\"elementor-element elementor-element-ee05764 elementor-widget elementor-widget-spacer\" data-id=\"ee05764\" data-element_type=\"widget\" data-widget_type=\"spacer.default\">\n\t\t\t\t<div class=\"elementor-widget-container\">\n\t\t\t\t\t\t\t<div class=\"elementor-spacer\">\n\t\t\t<div class=\"elementor-spacer-inner\"><\/div>\n\t\t<\/div>\n\t\t\t\t\t\t<\/div>\n\t\t\t\t<\/div>\n\t\t\t\t<div class=\"elementor-element elementor-element-cdf8975 elementor-widget elementor-widget-text-editor\" data-id=\"cdf8975\" data-element_type=\"widget\" data-widget_type=\"text-editor.default\">\n\t\t\t\t<div class=\"elementor-widget-container\">\n\t\t\t\t\t\t\t\t\t<p><strong>AKmira optronics GmbH wird als Projekttr\u00e4ger durch den ESF und das Land Brandenburg gef\u00f6rdert.<br \/><\/strong>Zwei Brandenburger Innovationskr\u00e4fte werden durch das Ministerium f\u00fcr Wirtschaft, Arbeit und Energie aus Mitteln des Europ\u00e4ischen Sozialfonds und des Landes Brandenburg gef\u00f6rdert. Werkstudent 1 forscht und entwickelt im Zeitraum von Mai 2022 bis Dezember 2022 an einem optischen Aufbau unseres neuartigen 3-D Mini- Endoskops. Student 2 forscht und entwickelt im Zeitraum vom Juli 2022 bis zum Dezember 2022 an der Charakterisierung eines Hologramm-Modules f\u00fcr unser 3-D Mini-Endoskop. <a href=\"https:\/\/esf.brandenburg.de\/esf\/de\/\" target=\"_blank\" rel=\"noopener\">esf.brandenburg.de\u00a0<\/a><\/p><p><strong>Unser Projekt ist EFRE gef\u00f6rdert.<br \/><\/strong>Entwicklung eines 3 D Mini-Endoskops \u2013\u00a0Dieses Projekt wird aus Mitteln des Europ\u00e4ischer Fond f\u00fcr Regionale Entwicklung des Landes Brandenburg gef\u00f6rdert.\u00a0<a href=\"https:\/\/efre.brandenburg.de\/efre\/de\/\" target=\"_blank\" rel=\"noopener\">efre.brandenburg.de<\/a><\/p>\t\t\t\t\t\t\t\t<\/div>\n\t\t\t\t<\/div>\n\t\t\t\t\t<\/div>\n\t\t<\/div>\n\t\t\t\t\t<\/div>\n\t\t<\/section>\n\t\t\t\t<section class=\"elementor-section elementor-top-section elementor-element elementor-element-4330335 elementor-section-boxed elementor-section-height-default elementor-section-height-default\" data-id=\"4330335\" data-element_type=\"section\">\n\t\t\t\t\t\t<div class=\"elementor-container elementor-column-gap-default\">\n\t\t\t\t\t<div class=\"elementor-column elementor-col-100 elementor-top-column elementor-element elementor-element-fffed7f\" data-id=\"fffed7f\" data-element_type=\"column\">\n\t\t\t<div class=\"elementor-widget-wrap elementor-element-populated\">\n\t\t\t\t\t\t<div class=\"elementor-element elementor-element-cffb1ee elementor-widget elementor-widget-spacer\" data-id=\"cffb1ee\" data-element_type=\"widget\" data-widget_type=\"spacer.default\">\n\t\t\t\t<div class=\"elementor-widget-container\">\n\t\t\t\t\t\t\t<div class=\"elementor-spacer\">\n\t\t\t<div class=\"elementor-spacer-inner\"><\/div>\n\t\t<\/div>\n\t\t\t\t\t\t<\/div>\n\t\t\t\t<\/div>\n\t\t\t\t<div class=\"elementor-element elementor-element-abb3e15 elementor-widget elementor-widget-heading\" data-id=\"abb3e15\" data-element_type=\"widget\" data-widget_type=\"heading.default\">\n\t\t\t\t<div class=\"elementor-widget-container\">\n\t\t\t\t\t<h2 class=\"elementor-heading-title elementor-size-default\"><strong>Liability Disclaimer<\/strong><\/h2>\t\t\t\t<\/div>\n\t\t\t\t<\/div>\n\t\t\t\t<div class=\"elementor-element elementor-element-990f835 elementor-widget elementor-widget-text-editor\" data-id=\"990f835\" data-element_type=\"widget\" data-widget_type=\"text-editor.default\">\n\t\t\t\t<div class=\"elementor-widget-container\">\n\t\t\t\t\t\t\t\t\t<p><strong>Copyright<br><\/strong>The content and works created by the site operators on these pages are subject to German copyright law. Any duplication, processing, distribution, or any form of exploitation beyond the limits of copyright law requires the prior written consent of the respective author or creator. Downloads and copies of this site are permitted solely for private, non-commercial use. Insofar as the content on this site was not created by the operator, the copyrights of third parties are respected. In particular, third-party content is marked as such. Should you nevertheless become aware of a copyright infringement, we request that you inform us accordingly. Upon becoming aware of any legal violations, we will immediately remove such content.<\/p>\n<p><strong>privacy statement<br><\/strong>The use of our website is generally possible without providing personal data. Insofar as personal data (for example, name, address, or e-mail addresses) are collected on our pages, this is always done, wherever possible, on a voluntary basis. These data will not be shared with third parties without your explicit consent.<br>We point out that data transmission over the Internet (e.g., when communicating via e-mail) may have security vulnerabilities. Complete protection of the data against access by third parties is not possible.<br>The use of contact information published within the framework of the legal notice obligation by third parties for sending unsolicited advertising and informational material is hereby expressly prohibited. The site operators expressly reserve the right to take legal action in the event of the unsolicited sending of advertising information, such as spam e-mails.<\/p>\t\t\t\t\t\t\t\t<\/div>\n\t\t\t\t<\/div>\n\t\t\t\t<div class=\"elementor-element elementor-element-dccf615 elementor-widget elementor-widget-spacer\" data-id=\"dccf615\" data-element_type=\"widget\" data-widget_type=\"spacer.default\">\n\t\t\t\t<div class=\"elementor-widget-container\">\n\t\t\t\t\t\t\t<div class=\"elementor-spacer\">\n\t\t\t<div class=\"elementor-spacer-inner\"><\/div>\n\t\t<\/div>\n\t\t\t\t\t\t<\/div>\n\t\t\t\t<\/div>\n\t\t\t\t\t<\/div>\n\t\t<\/div>\n\t\t\t\t\t<\/div>\n\t\t<\/section>\n\t\t\t\t<\/div>","protected":false},"excerpt":{"rendered":"<p>Impressum Angaben gem\u00e4\u00df \u00a7 5 TMG:AKmira optronics GmbHAm Luftschiffhafen 1,14471 Potsdam Vertreten durch:Dr. Alexander Kn\u00fcttel Kontakt: Telefon: +49 (0)331 982231-0 E-Mail: info@AKmira-optronics.de Eintragung im Handelsregister:Amtsgericht Potsdam Registernummer: HRB 34496 P Umsatzsteuer-ID: Umsatzsteuer-Identifikationsnummer gem\u00e4\u00df \u00a727a Umsatzsteuergesetz: DE337603416 Webdesign &amp; Umsetzung:\u00a9AGENTUR SCHWEIGER Bildnachweise:\u00a9AKmira Optronics, \u00a9AdobeStock, \u00a9Agentur Schweiger Video Komposition: \u00a9AdobeStock + \u00a9AKmira OptronicsKompositionen by Agentur Schweiger F\u00f6rderung &#8230; <a title=\"imprint\" class=\"read-more\" href=\"https:\/\/akmira-optronics.de\/en\/impressum\/\" aria-label=\"Read more about Impressum\">Read more<\/a><\/p>","protected":false},"author":1,"featured_media":0,"parent":0,"menu_order":0,"comment_status":"closed","ping_status":"closed","template":"","meta":{"footnotes":""},"class_list":["post-23","page","type-page","status-publish"],"yoast_head":"<!-- This site is optimized with the Yoast SEO plugin v25.9 - https:\/\/yoast.com\/wordpress\/plugins\/seo\/ -->\n<title>Impressum - AKmira - 3D Holographic<\/title>\n<meta name=\"robots\" content=\"index, follow, max-snippet:-1, max-image-preview:large, max-video-preview:-1\" \/>\n<link rel=\"canonical\" href=\"https:\/\/akmira-optronics.de\/en\/impressum\/\" \/>\n<meta property=\"og:locale\" content=\"en_GB\" \/>\n<meta property=\"og:type\" content=\"article\" \/>\n<meta property=\"og:title\" content=\"Impressum - AKmira - 3D Holographic\" \/>\n<meta property=\"og:description\" content=\"Impressum Angaben gem\u00e4\u00df \u00a7 5 TMG:AKmira optronics GmbHAm Luftschiffhafen 1,14471 Potsdam Vertreten durch:Dr. Alexander Kn\u00fcttel Kontakt: Telefon: +49 (0)331 982231-0 E-Mail: info@AKmira-optronics.de Eintragung im Handelsregister:Amtsgericht Potsdam Registernummer: HRB 34496 P Umsatzsteuer-ID: Umsatzsteuer-Identifikationsnummer gem\u00e4\u00df \u00a727a Umsatzsteuergesetz: DE337603416 Webdesign &amp; Umsetzung:\u00a9AGENTUR SCHWEIGER Bildnachweise:\u00a9AKmira Optronics, \u00a9AdobeStock, \u00a9Agentur Schweiger Video Komposition: \u00a9AdobeStock + \u00a9AKmira OptronicsKompositionen by Agentur Schweiger F\u00f6rderung ... Read more\" \/>\n<meta property=\"og:url\" content=\"https:\/\/akmira-optronics.de\/en\/impressum\/\" \/>\n<meta property=\"og:site_name\" content=\"AKmira - 3D Holographic\" \/>\n<meta property=\"article:modified_time\" content=\"2026-03-13T08:19:35+00:00\" \/>\n<meta property=\"og:image\" content=\"https:\/\/akmira-optronics.de\/wp-content\/uploads\/2022\/10\/EU-Logo-mit-ESI-unter-Fahne-linksbuendig.3880265.jpg\" \/>\n\t<meta property=\"og:image:width\" content=\"443\" \/>\n\t<meta property=\"og:image:height\" content=\"384\" \/>\n\t<meta property=\"og:image:type\" content=\"image\/jpeg\" \/>\n<meta name=\"twitter:card\" content=\"summary_large_image\" \/>\n<meta name=\"twitter:label1\" content=\"Estimated reading time\" \/>\n\t<meta name=\"twitter:data1\" content=\"4 minutes\" \/>\n<script type=\"application\/ld+json\" class=\"yoast-schema-graph\">{\"@context\":\"https:\/\/schema.org\",\"@graph\":[{\"@type\":\"WebPage\",\"@id\":\"https:\/\/akmira-optronics.de\/impressum\/\",\"url\":\"https:\/\/akmira-optronics.de\/impressum\/\",\"name\":\"Impressum - AKmira - 3D Holographic\",\"isPartOf\":{\"@id\":\"https:\/\/akmira-optronics.de\/#website\"},\"primaryImageOfPage\":{\"@id\":\"https:\/\/akmira-optronics.de\/impressum\/#primaryimage\"},\"image\":{\"@id\":\"https:\/\/akmira-optronics.de\/impressum\/#primaryimage\"},\"thumbnailUrl\":\"https:\/\/akmira-optronics.de\/wp-content\/uploads\/2022\/10\/EU-Logo-mit-ESI-unter-Fahne-linksbuendig.3880265.jpg\",\"datePublished\":\"2022-10-13T13:45:21+00:00\",\"dateModified\":\"2026-03-13T08:19:35+00:00\",\"breadcrumb\":{\"@id\":\"https:\/\/akmira-optronics.de\/impressum\/#breadcrumb\"},\"inLanguage\":\"en-GB\",\"potentialAction\":[{\"@type\":\"ReadAction\",\"target\":[\"https:\/\/akmira-optronics.de\/impressum\/\"]}]},{\"@type\":\"ImageObject\",\"inLanguage\":\"en-GB\",\"@id\":\"https:\/\/akmira-optronics.de\/impressum\/#primaryimage\",\"url\":\"https:\/\/akmira-optronics.de\/wp-content\/uploads\/2022\/10\/EU-Logo-mit-ESI-unter-Fahne-linksbuendig.3880265.jpg\",\"contentUrl\":\"https:\/\/akmira-optronics.de\/wp-content\/uploads\/2022\/10\/EU-Logo-mit-ESI-unter-Fahne-linksbuendig.3880265.jpg\"},{\"@type\":\"BreadcrumbList\",\"@id\":\"https:\/\/akmira-optronics.de\/impressum\/#breadcrumb\",\"itemListElement\":[{\"@type\":\"ListItem\",\"position\":1,\"name\":\"Startseite\",\"item\":\"https:\/\/akmira-optronics.de\/\"},{\"@type\":\"ListItem\",\"position\":2,\"name\":\"Impressum\"}]},{\"@type\":\"WebSite\",\"@id\":\"https:\/\/akmira-optronics.de\/#website\",\"url\":\"https:\/\/akmira-optronics.de\/\",\"name\":\"AKmira - 3D Holographic\",\"description\":\"Ultra miniaturisierte 3D Endoskopie mittels optisch digitaler Holografie\",\"potentialAction\":[{\"@type\":\"SearchAction\",\"target\":{\"@type\":\"EntryPoint\",\"urlTemplate\":\"https:\/\/akmira-optronics.de\/?s={search_term_string}\"},\"query-input\":{\"@type\":\"PropertyValueSpecification\",\"valueRequired\":true,\"valueName\":\"search_term_string\"}}],\"inLanguage\":\"en-GB\"}]}<\/script>\n<!-- \/ Yoast SEO plugin. -->","yoast_head_json":{"title":"Impressum - AKmira - 3D Holographic","robots":{"index":"index","follow":"follow","max-snippet":"max-snippet:-1","max-image-preview":"max-image-preview:large","max-video-preview":"max-video-preview:-1"},"canonical":"https:\/\/akmira-optronics.de\/en\/impressum\/","og_locale":"en_GB","og_type":"article","og_title":"Impressum - AKmira - 3D Holographic","og_description":"Impressum Angaben gem\u00e4\u00df \u00a7 5 TMG:AKmira optronics GmbHAm Luftschiffhafen 1,14471 Potsdam Vertreten durch:Dr. Alexander Kn\u00fcttel Kontakt: Telefon: +49 (0)331 982231-0 E-Mail: info@AKmira-optronics.de Eintragung im Handelsregister:Amtsgericht Potsdam Registernummer: HRB 34496 P Umsatzsteuer-ID: Umsatzsteuer-Identifikationsnummer gem\u00e4\u00df \u00a727a Umsatzsteuergesetz: DE337603416 Webdesign &amp; Umsetzung:\u00a9AGENTUR SCHWEIGER Bildnachweise:\u00a9AKmira Optronics, \u00a9AdobeStock, \u00a9Agentur Schweiger Video Komposition: \u00a9AdobeStock + \u00a9AKmira OptronicsKompositionen by Agentur Schweiger F\u00f6rderung ... Read more","og_url":"https:\/\/akmira-optronics.de\/en\/impressum\/","og_site_name":"AKmira - 3D Holographic","article_modified_time":"2026-03-13T08:19:35+00:00","og_image":[{"width":443,"height":384,"url":"https:\/\/akmira-optronics.de\/wp-content\/uploads\/2022\/10\/EU-Logo-mit-ESI-unter-Fahne-linksbuendig.3880265.jpg","type":"image\/jpeg"}],"twitter_card":"summary_large_image","twitter_misc":{"Estimated reading time":"4 minutes"},"schema":{"@context":"https:\/\/schema.org","@graph":[{"@type":"WebPage","@id":"https:\/\/akmira-optronics.de\/impressum\/","url":"https:\/\/akmira-optronics.de\/impressum\/","name":"Impressum - AKmira - 3D Holographic","isPartOf":{"@id":"https:\/\/akmira-optronics.de\/#website"},"primaryImageOfPage":{"@id":"https:\/\/akmira-optronics.de\/impressum\/#primaryimage"},"image":{"@id":"https:\/\/akmira-optronics.de\/impressum\/#primaryimage"},"thumbnailUrl":"https:\/\/akmira-optronics.de\/wp-content\/uploads\/2022\/10\/EU-Logo-mit-ESI-unter-Fahne-linksbuendig.3880265.jpg","datePublished":"2022-10-13T13:45:21+00:00","dateModified":"2026-03-13T08:19:35+00:00","breadcrumb":{"@id":"https:\/\/akmira-optronics.de\/impressum\/#breadcrumb"},"inLanguage":"en-GB","potentialAction":[{"@type":"ReadAction","target":["https:\/\/akmira-optronics.de\/impressum\/"]}]},{"@type":"ImageObject","inLanguage":"en-GB","@id":"https:\/\/akmira-optronics.de\/impressum\/#primaryimage","url":"https:\/\/akmira-optronics.de\/wp-content\/uploads\/2022\/10\/EU-Logo-mit-ESI-unter-Fahne-linksbuendig.3880265.jpg","contentUrl":"https:\/\/akmira-optronics.de\/wp-content\/uploads\/2022\/10\/EU-Logo-mit-ESI-unter-Fahne-linksbuendig.3880265.jpg"},{"@type":"BreadcrumbList","@id":"https:\/\/akmira-optronics.de\/impressum\/#breadcrumb","itemListElement":[{"@type":"ListItem","position":1,"name":"Startseite","item":"https:\/\/akmira-optronics.de\/"},{"@type":"ListItem","position":2,"name":"Impressum"}]},{"@type":"WebSite","@id":"https:\/\/akmira-optronics.de\/#website","url":"https:\/\/akmira-optronics.de\/","name":"AKmira - 3D Holographic","description":"Ultra miniaturisierte 3D Endoskopie mittels optisch digitaler Holografie","potentialAction":[{"@type":"SearchAction","target":{"@type":"EntryPoint","urlTemplate":"https:\/\/akmira-optronics.de\/?s={search_term_string}"},"query-input":{"@type":"PropertyValueSpecification","valueRequired":true,"valueName":"search_term_string"}}],"inLanguage":"en-GB"}]}},"_links":{"self":[{"href":"https:\/\/akmira-optronics.de\/en\/wp-json\/wp\/v2\/pages\/23","targetHints":{"allow":["GET"]}}],"collection":[{"href":"https:\/\/akmira-optronics.de\/en\/wp-json\/wp\/v2\/pages"}],"about":[{"href":"https:\/\/akmira-optronics.de\/en\/wp-json\/wp\/v2\/types\/page"}],"author":[{"embeddable":true,"href":"https:\/\/akmira-optronics.de\/en\/wp-json\/wp\/v2\/users\/1"}],"replies":[{"embeddable":true,"href":"https:\/\/akmira-optronics.de\/en\/wp-json\/wp\/v2\/comments?post=23"}],"version-history":[{"count":101,"href":"https:\/\/akmira-optronics.de\/en\/wp-json\/wp\/v2\/pages\/23\/revisions"}],"predecessor-version":[{"id":2403,"href":"https:\/\/akmira-optronics.de\/en\/wp-json\/wp\/v2\/pages\/23\/revisions\/2403"}],"wp:attachment":[{"href":"https:\/\/akmira-optronics.de\/en\/wp-json\/wp\/v2\/media?parent=23"}],"curies":[{"name":"wp","href":"https:\/\/api.w.org\/{rel}","templated":true}]}}